{"id":2353,"date":"2019-03-13T18:13:39","date_gmt":"2019-03-13T17:13:39","guid":{"rendered":"https:\/\/www.lecarolee.it\/?page_id=2353"},"modified":"2025-02-21T11:58:51","modified_gmt":"2025-02-21T10:58:51","slug":"agriturismo","status":"publish","type":"page","link":"https:\/\/www.lecarolee.it\/ja\/agriturismo","title":{"rendered":"\u30a2\u30b0\u30ea\u30c4\u30fc\u30ea\u30ba\u30e0"},"content":{"rendered":"<div class=\"wpb-content-wrapper\"><p>[vc_row 0=&#8221;&#8221; full_width=&#8221;stretch_row_content_no_spaces&#8221; content_placement=&#8221;middle&#8221; iw_layout=&#8221;wide-content&#8221; css=&#8221;.vc_custom_1709301689399{background-color: #f4ebe6 !important;}&#8221;][vc_column 0=&#8221;&#8221; css=&#8221;.vc_custom_1709308864418{padding-top: 25px !important;padding-right: 35px !important;padding-bottom: 15px !important;padding-left: 35px !important;}&#8221;][vc_wp_text]<img loading=\"lazy\" decoding=\"async\" class=\"aligncenter wp-image-20564\" src=\"\/\/www.lecarolee.it\/wp-content\/uploads\/loghi_sostenibilita-dop-bio.png\" alt=\"loghi sostenibilita dop bio\" width=\"627\" height=\"84\" srcset=\"https:\/\/www.lecarolee.it\/wp-content\/uploads\/loghi_sostenibilita-dop-bio.png 1119w, https:\/\/www.lecarolee.it\/wp-content\/uploads\/loghi_sostenibilita-dop-bio-768x103.png 768w, https:\/\/www.lecarolee.it\/wp-content\/uploads\/loghi_sostenibilita-dop-bio-300x40.png 300w, https:\/\/www.lecarolee.it\/wp-content\/uploads\/loghi_sostenibilita-dop-bio-370x50.png 370w\" sizes=\"auto, (max-width: 627px) 100vw, 627px\" \/>[\/vc_wp_text][\/vc_column][\/vc_row][vc_row iw_layout=&#8221;wide-bg&#8221; css=&#8221;.vc_custom_1556801046954{margin-top: 4% !important;margin-bottom: 5% !important;}&#8221; el_id=&#8221;prenota&#8221;][vc_column][vc_raw_html el_id=&#8221;sconto&#8221;]JTNDaW1nJTIwc3JjJTNEJTIyJTJGJTJGd3d3LmxlY2Fyb2xlZS5pdCUyRndwLWNvbnRlbnQlMkZ1cGxvYWRzJTJGYm9vay04b2ZmLnBuZyUyMiUyMCUyRiUzRQ==[\/vc_raw_html][vc_raw_js]JTNDc2NyaXB0JTIwc3JjJTNEJTIyaHR0cHMlM0ElMkYlMkZ3dWJvb2submV0JTJGanMlMkZ3YmxpYi5qZ3olMjIlM0UlM0MlMkZzY3JpcHQlM0UlMEElM0NkaXYlMjBpZCUzRCUyMl93Ym9yZF8lMjIlM0UlMEElMjAlMjAlM0NhJTIwaHJlZiUzRCUyMmh0dHAlM0ElMkYlMkZ3dWJvb2submV0JTJGc2VydmljZXMlMkZib29raW5nLWVuZ2luZSUyRiUyMiUyMHN0eWxlJTNEJTIyZGlzcGxheSUzQSUyMGJsb2NrJTNCJTIwbWFyZ2luLXRvcCUzQSUyMDVweCUzQiUyMHRleHQtZGVjb3JhdGlvbiUzQW5vbmUlM0Jib3JkZXIlM0Fub25lJTIyJTIwdGFyZ2V0JTNEJTIyX2JsYW5rJTIyJTNFJTBBJTIwJTIwJTNDJTJGYSUzRSUwQSUzQyUyRmRpdiUzRSUwQSUzQ3NjcmlwdCUzRSUwQSUyMCUyMHZhciUyMFd1Qm9vayUzRCUyMG5ldyUyMF9XdUJvb2slMjgxNTI0ODM5NjYxJTI5JTNCJTBBJTIwJTIwdmFyJTIwd2JwYXJhbXMlM0QlMjAlN0IlMEElMjAlMjAlMjAlMjBib3JkZXJjb2xvciUzQSUyMCUyNyUyM2ZmZmZmZiUyNyUyQyUwQSUyMCUyMCUyMCUyMGxhbmclM0ElMjAlMjclMjclMkMlMEElMjAlMjAlMjAlMjBidXR0b25jb2xvciUzQSUyMCUyNyUyMzEwOGRiZCUyNyUyQyUwQSUyMCUyMCUyMCUyMGRjb2RlJTNBJTIwMSUyQyUwQSUyMCUyMCUyMCUyMGZhaWxiYWNrX2xhbmclM0ElMjAlMjdlbiUyNyUyQyUwQSUyMCUyMCUyMCUyMHdiZ29vZ2xlJTNBJTIwMSUyQyUwQSUyMCUyMCUyMCUyMGxlaXN1cmUlM0ElMjAxJTJDJTBBJTIwJTIwJTIwJTIwYmdjb2xvciUzQSUyMCUyNyUyM2ZmZmZmZiUyNyUyQyUwQSUyMCUyMCUyMCUyMGRjb2RldmFsJTNBJTIwJTI3JTI3JTJDJTBBJTIwJTIwJTIwJTIwaWNvbmNvbG9yJTNBJTIwJTI3JTIzODg4ODg4JTI3JTJDJTBBJTIwJTIwJTIwJTIwdGV4dGNvbG9yJTNBJTIwJTI3JTIzMmMyYzJjJTI3JTJDJTBBJTIwJTIwJTIwJTIwZGVmYXVsdF9uaWdodHMlM0ElMjAyJTBBJTIwJTIwJTdEJTNCJTBBJTIwJTIwV3VCb29rLmRlc2lnbl9yd2lkZ2V0JTI4JTIyX3dib3JkXyUyMiUyQyUyMHdicGFyYW1zJTI5JTNCJTBBJTNDJTJGc2NyaXB0JTNF[\/vc_raw_js][vc_raw_html]JTNDYnIlM0UlM0NjZW50ZXIlM0UlRTMlODIlQUIlRTMlODMlQTklRTMlODMlOTYlRTMlODMlQUElRTMlODIlQTIlRTUlOUMlQjAlRTYlOTYlQjklRTMlODElQUUlRTglQUQlOTglRTUlODglQTUlRTMlODIlQjMlRTMlODMlQkMlRTMlODMlODklRTMlODElQTclRTglQUQlOTglRTUlODglQTUlRTMlODElOTUlRTMlODIlOEMlRTMlODIlOEIlRTUlQkIlQkElRTklODAlQTAlRTclODklQTklMjAlM0NiJTNFMDc5MDk2LUFHUi0wMDAwMSUzQyUyRmIlM0UlM0MlMkZjZW50ZXIlM0U=[\/vc_raw_html][\/vc_column][\/vc_row][vc_row iw_layout=&#8221;wide-content&#8221; css=&#8221;.vc_custom_1556802203290{background-color: #fafafa !important;}&#8221;][vc_column width=&#8221;1\/2&#8243; css=&#8221;.vc_custom_1556801610716{margin-top: 8.5% !important;padding-right: 12% !important;padding-left: 12% !important;}&#8221;][vc_column_text]<\/p>\n<p style=\"text-align: center;\"><span class=\"custom-title\">\u53e4\u6765\u304b\u3089\u306e\u304a\u3082\u3066\u306a\u3057\u304c\u898b\u4ed8\u304b\u308b\u3068\u3053\u308d<\/span><br \/>\n<span class=\"custom-description\"><br \/>\n\u30ac\u30d9\u30c3\u30e9\u8fb2\u5712\u5185\u306b\u306f\u30011800\u5e74\u4ee3\u521d\u982d\u3001\u5f53\u5730\u306b\u5c71\u8cca\u304c\u983b\u767a\u3057\u3066\u3044\u305f\u6642\u4ee3\u306b\u88dc\u5f37\u3055\u308c\u305f\uff12\u68df\u306e\u53e4\u3044\u5efa\u7269\u304c\u3042\u308a\u307e\u3059\u3002\u30aa\u30ea\u30fc\u30d6\u7551\u306e\u7dd1\u306b\u56f2\u307e\u308c\u305f\u9759\u304b\u3067\u5e73\u548c\u306b\u6e80\u3061\u305f\u30aa\u30a2\u30b7\u30b9\u306e\u4e2d\u306b\u3042\u308b\u3053\u3053\u30ec\u30fb\u30ab\u30ed\u30ec\u30fc\u304b\u3089\u306f\u3001\u5929\u6c17\u306e\u3044\u3044\u65e5\u306b\u306f\u30a8\u30aa\u30ea\u30a2\u8af8\u5cf6\u3084\u6642\u306b\u306f\u30a8\u30c8\u30ca\u5c71\u304b\u3089\u7acb\u3061\u4e0a\u308b\u7159\u3082\u671b\u3080\u3053\u3068\u304c\u3067\u304d\u307e\u3059\u3002\u3053\u3053\u3067\u306f\u53e4\u4ee3\u30ae\u30ea\u30b7\u30a2\u6642\u4ee3\u304b\u3089\u3053\u306e\u5730\u306b\u8108\u3005\u3068\u53d7\u3051\u7d99\u304c\u308c\u3066\u304d\u305f\u304a\u3082\u3066\u306a\u3057\u7cbe\u795eXenia\uff08\u30af\u30bb\u30cb\u30a2\uff09\u306b\u57fa\u3065\u3044\u3066\u30ac\u30a8\u30bf\u30fc\u30ce\u4e00\u5bb6\u304c\u304a\u5ba2\u69d8\u3092\u3082\u3066\u306a\u3057\u307e\u3059<\/span><\/p>\n<p>[\/vc_column_text][\/vc_column][vc_column width=&#8221;1\/2&#8243; css=&#8221;.vc_custom_1556801620862{margin: 0px !important;padding: 0px !important;}&#8221;][vc_wp_text el_id=&#8221;video&#8221;]<\/p>\n<div style=\"width: 1024px;\" class=\"wp-video\"><video class=\"wp-video-shortcode\" id=\"video-2353-1\" width=\"1024\" height=\"576\" loop preload=\"auto\" controls=\"controls\"><source type=\"video\/mp4\" src=\"https:\/\/www.lecarolee.it\/wp-content\/uploads\/Explore-Calabria-Italy.mp4?_=1\" \/><a href=\"https:\/\/www.lecarolee.it\/wp-content\/uploads\/Explore-Calabria-Italy.mp4\">https:\/\/www.lecarolee.it\/wp-content\/uploads\/Explore-Calabria-Italy.mp4<\/a><\/video><\/div>\n<p>[\/vc_wp_text][\/vc_column][\/vc_row][vc_row iw_layout=&#8221;wide-content&#8221; css=&#8221;.vc_custom_1556801343852{background-color: #f5f5f5 !important;}&#8221; el_id=&#8221;inverti&#8221;][vc_column width=&#8221;1\/2&#8243; css=&#8221;.vc_custom_1556801353053{margin-top: 0px !important;margin-right: 0px !important;margin-bottom: 0px !important;margin-left: 0px !important;padding-top: 0px !important;padding-right: 0px !important;padding-bottom: 0px !important;padding-left: 0px !important;}&#8221; el_id=&#8221;sx&#8221;][vc_images_carousel images=&#8221;2492,2497,2756,2496,2495,2494,2493&#8243; img_size=&#8221;full&#8221; onclick=&#8221;link_no&#8221; speed=&#8221;9500&#8243; autoplay=&#8221;yes&#8221; wrap=&#8221;yes&#8221; css=&#8221;.vc_custom_1557409499447{margin-top: 0px !important;margin-right: 0px !important;margin-bottom: 0px !important;margin-left: 0px !important;}&#8221;][\/vc_column][vc_column width=&#8221;1\/2&#8243; css=&#8221;.vc_custom_1556801359709{margin-top: 13% !important;padding-right: 12% !important;padding-left: 12% !important;}&#8221; el_id=&#8221;dx&#8221;][vc_wp_text]<\/p>\n<p style=\"text-align: center;\"><span class=\"custom-title\">\u30ab\u30fc\u30b6\u30fb\u30ed\u30c3\u30b5\u3000\u8d64\u3044\u5bb6<\/span><br \/>\n<span class=\"custom-description\"><br \/>\n\u8da3\u5473\u306e\u3044\u3044\u30a2\u30f3\u30c6\u30a3\u30fc\u30af\u8abf\u5ea6\u54c1\u304c\u5099\u3048\u4ed8\u3051\u3089\u308c\u305f\u5feb\u9069\u306a\u30c0\u30d6\u30eb\u30eb\u30fc\u30e0\u304c\uff17\u90e8\u5c4b\u3042\u308a\u307e\u3059\u3002\u30d0\u30b9\u30c8\u30a4\u30ec\u3001\u6696\u623f\u3001\u30c6\u30ec\u30d3\u3001\u7121\u6599wif\u5b8c\u5099<\/span><\/p>\n<p>[\/vc_wp_text][vc_btn title=&#8221;\u4e88\u7d04\u3059\u308b&#8221; shape=&#8221;square&#8221; color=&#8221;green&#8221; size=&#8221;sm&#8221; align=&#8221;center&#8221; link=&#8221;url:%23prenota|||&#8221;][\/vc_column][\/vc_row][vc_row iw_layout=&#8221;wide-content&#8221; css=&#8221;.vc_custom_1556801381899{background-color: #f5f5f5 !important;}&#8221;][vc_column width=&#8221;1\/2&#8243; css=&#8221;.vc_custom_1556801367003{margin-top: 14.5% !important;padding-right: 12% !important;padding-left: 12% !important;}&#8221;][vc_wp_text]<\/p>\n<p style=\"text-align: center;\"><span class=\"custom-title\">\u30ab\u30fc\u30b6\u30fb\u30d3\u30a2\u30f3\u30ab\u3000\u767d\u3044\u5bb6<\/span><br \/>\n<span class=\"custom-description\"><br \/>\n\u30ad\u30c3\u30c1\u30f3\u3092\u88c5\u5099\u3057\u305f\u3001\u4e00\u9031\u9593\u5358\u4f4d\u3067\u306e\u6ede\u5728\u306b\u9069\u3057\u305f\u72ec\u7acb\u3057\u305f\u5efa\u7269\u3067\u3059<\/span><\/p>\n<p>[\/vc_wp_text][vc_btn title=&#8221;\u4e88\u7d04\u3059\u308b&#8221; shape=&#8221;square&#8221; color=&#8221;green&#8221; size=&#8221;sm&#8221; align=&#8221;center&#8221; link=&#8221;url:%23prenota|||&#8221;][\/vc_column][vc_column width=&#8221;1\/2&#8243; css=&#8221;.vc_custom_1556801373425{margin-top: 0px !important;margin-right: 0px !important;margin-bottom: 0px !important;margin-left: 0px !important;padding-top: 0px !important;padding-right: 0px !important;padding-bottom: 0px !important;padding-left: 0px !important;}&#8221;][vc_images_carousel images=&#8221;2487,2491,2490,2489,2488&#8243; img_size=&#8221;full&#8221; onclick=&#8221;link_no&#8221; speed=&#8221;10000&#8243; autoplay=&#8221;yes&#8221; wrap=&#8221;yes&#8221; css=&#8221;.vc_custom_1555577986389{margin-top: 0px !important;margin-right: 0px !important;margin-bottom: 0px !important;margin-left: 0px !important;}&#8221;][\/vc_column][\/vc_row][vc_row iw_layout=&#8221;wide-content&#8221; css=&#8221;.vc_custom_1556801390584{background-color: #f5f5f5 !important;}&#8221; el_id=&#8221;inverti&#8221;][vc_column width=&#8221;1\/2&#8243; css=&#8221;.vc_custom_1556801399218{margin-top: 0px !important;margin-right: 0px !important;margin-bottom: 0px !important;margin-left: 0px !important;padding-top: 0px !important;padding-right: 0px !important;padding-bottom: 0px !important;padding-left: 0px !important;}&#8221; el_id=&#8221;sx&#8221;][vc_images_carousel images=&#8221;2473,2480,2475,2477,2476,2483&#8243; img_size=&#8221;full&#8221; onclick=&#8221;link_no&#8221; speed=&#8221;10500&#8243; autoplay=&#8221;yes&#8221; wrap=&#8221;yes&#8221; css=&#8221;.vc_custom_1555577996153{margin-top: 0px !important;margin-right: 0px !important;margin-bottom: 0px !important;margin-left: 0px !important;}&#8221;][\/vc_column][vc_column width=&#8221;1\/2&#8243; css=&#8221;.vc_custom_1556801406205{margin-top: 12.5% !important;padding-right: 12% !important;padding-left: 12% !important;}&#8221; el_id=&#8221;dx&#8221;][vc_wp_text]<\/p>\n<p style=\"text-align: center;\"><span class=\"custom-title\">\u30ec\u30b9\u30c8\u30e9\u30f3<\/span><br \/>\n<span class=\"custom-description\"><br \/>\n\u663c\u98df\u3068\u5915\u98df\u3092\u304a\u53ec\u3057\u4e0a\u304c\u308a\u3044\u305f\u3060\u3051\u307e\u3059\uff08\u8981\u4e88\u7d04\uff09\u3002\u30ec\u30fb\u30ab\u30ed\u30ec\u30fc\u3067\u306f\u65b0\u9bae\u3067\u3044\u3061\u3070\u3093\u7f8e\u5473\u3057\u3044<br \/>\n\u5b63\u7bc0\u3054\u3068\u306e\u6750\u6599\u3067\u4f5c\u3063\u305f\u3001\u571f\u5730\u306e\u4f1d\u7d71\u7684\u306a\u30ec\u30b7\u30d4\u306b\u5fe0\u5b9f\u306a\u30ab\u30e9\u30d6\u30ea\u30a2\u6599\u7406\u3092\u304a\u697d\u3057\u307f\u3044\u305f\u3060\u3051\u307e\u3059\u3002\u3082\u3061\u308d\u3093\u6750\u6599\u306e\u307b\u3068\u3093\u3069\u306f\u5f53\u793e\u306e\u88fd\u54c1\u3067\u3059<br \/>\n<\/span><\/p>\n<p>[\/vc_wp_text][vc_btn title=&#8221;\u4e88\u7d04\u3059\u308b&#8221; shape=&#8221;square&#8221; color=&#8221;green&#8221; size=&#8221;sm&#8221; align=&#8221;center&#8221; link=&#8221;url:%23prenota|||&#8221;][\/vc_column][\/vc_row][vc_row iw_layout=&#8221;wide-bg&#8221; css=&#8221;.vc_custom_1554726586121{padding-top: 5% !important;background-image: url(https:\/\/www.lecarolee.it\/wp-content\/uploads\/bg-img.jpg?id=1861) !important;}&#8221;][vc_column][vc_column_text]<div class=\"iw-heading  style1 vc_custom_1554997118558 text-center\" style=\"width: 100%\"><div class=\"iwh-sub-title\" style=\"\">\u7d39\u4ecb\u6587<\/div><h3 class=\"iwh-title\" style=\"font-size: 36px\">\u3054\u5bbf\u6cca\u3055\u308c\u305f\u65b9\u3005\u306e\u611f\u60f3<\/h3><\/div>[\/vc_column_text][\/vc_column][\/vc_row][vc_row full_width=&#8221;stretch_row_content_no_spaces&#8221; css=&#8221;.vc_custom_1554727261961{padding-right: 5% !important;padding-bottom: 4% !important;padding-left: 5% !important;background-image: url(https:\/\/www.lecarolee.it\/wp-content\/uploads\/bg-img.jpg?id=1861) !important;}&#8221;][vc_column width=&#8221;1\/2&#8243;][vc_images_carousel images=&#8221;2624,2623,2757,2758,2759&#8243; img_size=&#8221;full&#8221; onclick=&#8221;link_no&#8221; speed=&#8221;10000&#8243; autoplay=&#8221;yes&#8221; wrap=&#8221;yes&#8221; css=&#8221;.vc_custom_1557409521339{margin-top: 0px !important;margin-right: 0px !important;margin-bottom: 0px !important;margin-left: 0px !important;}&#8221;][\/vc_column][vc_column width=&#8221;1\/2&#8243; css=&#8221;.vc_custom_1554729117972{margin-left: 4% !important;}&#8221;][vc_tta_pageable no_fill_content_area=&#8221;1&#8243; autoplay=&#8221;10&#8243; active_section=&#8221;1&#8243; pagination_style=&#8221;flat-round&#8221; pagination_color=&#8221;black&#8221; css_animation=&#8221;none&#8221;][vc_tta_section title=&#8221;Sezione 1&#8243; tab_id=&#8221;1554727018805-476cdd0a-22e0&#8243;]<div class=\"info-testimonials style1  text-center\"><span class=\"testimonials\"><b>\u30ab\u30e9\u30d6\u30ea\u30a2\u3067\u4e00\u756a\u697d\u3057\u3044\u5834\u6240\u3067\u3059\uff01<\/b><br \/>\n\u79c1\u305f\u3061\u3092\u6700\u3082\u6b53\u8fce\u3057\u3066\u304f\u308c\u305f\u3068\u3066\u3082\u30d5\u30ec\u30f3\u30c9\u30ea\u30fc\u3067\u89aa\u5207\u306a\u30aa\u30fc\u30ca\u30fc\u306e\u5bb6\u65cf\u3001\u305d\u3057\u3066\u89aa\u5207\u306a\u30b9\u30bf\u30c3\u30d5\u3001\u79c1\u305f\u3061\u306e4\u6b73\u306e\u606f\u5b50\u306e\u5e78\u305b\u306a\u5b50\u3001\u79c1\u305f\u3061\u306e\u89aa\u5207\u306a\u4eba\u3005\u306f\u5f7c\u3089\u306e\u6cb9\u3068\u98df\u3079\u7269\u3092\u697d\u3057\u3093\u3067\u3044\u307e\u3059\u30ab\u30e9\u30d6\u30ea\u30a2\u3067\u79c1\u305f\u3061\u306e\u6700\u3082\u697d\u3057\u3093\u3060\u5834\u6240\uff01\u305d\u3057\u3066\u305d\u308c\u306f\u6d77\u306e\u307b\u3068\u308a\u306b\u76f4\u63a5\u3044\u308b\u3053\u3068\u306a\u304f\u3067\u3059\u3002 Grazie mille Familia Gaetano\uff06staff<br \/>\n\u4f55\u3082\u306a\u3044\u3002\u79c1\u305f\u3061\u306f\u3053\u306e\u7a7a\u9593\u3078\u306e\u7acb\u3061\u5165\u308a\u304c\u8a31\u53ef\u3055\u308c\u3066\u3044\u308b\u3053\u3068\u3092\u7279\u6a29\u7684\u306b\u611f\u3058\u307e\u3059\u3002\u305d\u3057\u3066\u3053\u308c\u306fWLAN\u6700\u9069\u5316\u306e\u5834\u6240\u3067\u306f\u3042\u308a\u307e\u305b\u3093\u3002\u3053\u308c\u306f\u6587\u5316\u306e\u5834\u6240\u3067\u3059 \ud83d\ude09<\/span><div class=\"iw-star-rating\"><span class=\"rating\" style=\"width: 100%\"><\/span><\/div><div class=\"testimonials-image\"><img decoding=\"async\" src=\"https:\/\/www.lecarolee.it\/wp-content\/uploads\/logo_booking.png\" alt=\"Matthias, (CH)\"><\/div><div class=\"testimonials-author\"><span class=\"author\">Matthias, (CH) - <\/span><span class=\"text\">Review from <\/span><span class=\"review-from\">Booking.com<\/span><\/div><\/div>[\/vc_tta_section][vc_tta_section title=&#8221;Sezione 2&#8243; tab_id=&#8221;1554727018863-a86422f6-cc66&#8243;]<div class=\"info-testimonials style1  text-center\"><span class=\"testimonials\"><b>\u623b\u3063\u3066\u304d\u305f\u3044\u7f8e\u3057\u3044\u5834\u6240\uff01<\/b><br \/>\n\u79c1\u305f\u3061\u306f2018\u5e746\u6708\u306b\u751f\u5f8c5\u30f6\u6708\u306e\u8d64\u3061\u3083\u3093\u3068\u4e00\u7dd2\u306b\u884c\u3063\u3066\u304d\u307e\u3057\u305f\u3001\u305d\u3057\u3066\u3082\u3046\u4e00\u5ea6\u3053\u306e\u7d20\u6674\u3089\u3057\u3044\u5834\u6240\u3092\u8a2a\u308c\u305f\u3044\u3068\u601d\u3044\u307e\u3059\u3002\u30b9\u30bf\u30c3\u30d5\u306f\u3068\u3066\u3082\u4e01\u5be7\u3067\u89aa\u5207\u3067\u3057\u305f\u3002\u79c1\u305f\u3061\u306f\u671d\u65e9\u304f\u304b\u3089\u5bb6\u306b\u5e30\u308b\u30d5\u30e9\u30a4\u30c8\u3092\u6301\u3063\u3066\u3044\u305f\u3001\u305d\u3057\u3066\u5f7c\u3089\u306f\u3059\u3067\u306b\u30c0\u30a4\u30cb\u30f3\u30b0\u30eb\u30fc\u30e0\u3067\u5f85\u3063\u3066\u3044\u305f\u79c1\u9054\u306e\u305f\u3081\u306b\u671d\u98df\u3092\u7528\u610f\u3057\u305f\u3002\u5f7c\u3089\u306f\u63d0\u4f9b\u3055\u308c\u3066\u3044\u305f\u7518\u3044\u671d\u98df\u306b\u52a0\u3048\u3066\u3001\u679c\u7269\u3001\u30c1\u30fc\u30ba\u3001\u30cf\u30e0\u3001\u307e\u305f\u306f\u5375\u3092\u63d0\u4f9b\u3057\u307e\u3057\u305f\u3002\u3059\u3079\u3066\u306e\u98df\u4e8b\u306f\u3068\u3066\u3082\u304a\u3044\u3057\u304b\u3063\u305f\u3067\u3059\u3002\u65e5\u4e2d\u306b\u8efd\u98df\u3084\u30d1\u30b9\u30bf\u3092\u6ce8\u6587\u3059\u308b\u3053\u3068\u306f\u53ef\u80fd\u3067\u3057\u305f\u3002\u5915\u98df\u306f\u524d\u83dc\u3001\u30d5\u30a1\u30fc\u30b9\u30c8\u30c7\u30a3\u30c3\u30b7\u30e5\u3001\u30bb\u30ab\u30f3\u30c9\u30c7\u30a3\u30c3\u30b7\u30e5\u3001\u30d5\u30eb\u30fc\u30c4\/\u30c7\u30b6\u30fc\u30c8\u3001\u305d\u3057\u3066\u30c0\u30a4\u30b8\u30a7\u30b9\u30c8\u3067\u69cb\u6210\u3055\u308c\u3066\u3044\u307e\u3057\u305f\u3002\u90e8\u5c4b\u306f\u7d30\u5fc3\u306e\u6ce8\u610f\u3092\u6255\u3063\u3066\u6e05\u6f54\u3067\u8a2d\u5099\u306e\u6574\u3063\u305f\u3002\u30f4\u30a3\u30e9\u306f\u7f8e\u3057\u304f\u3001\u7d20\u6674\u3089\u3057\u3044\u666f\u8272\u3092\u671b\u3080\u4e18\u306e\u4e0a\u306b\u4f4d\u7f6e\u3057\u3066\u3044\u307e\u3059\u304c\u3001\u753a\u304b\u3089\u306f\u5c11\u3057\u96e2\u308c\u3066\u3044\u308b\u305f\u3081\u3001\u5f92\u6b69\u570f\u5185\u306b\u30b7\u30e7\u30c3\u30d7\u3084\u30ec\u30b9\u30c8\u30e9\u30f3\u306f\u3042\u308a\u307e\u305b\u3093\u3002\u305d\u308c\u306f\u7a7a\u6e2f\u306b\u975e\u5e38\u306b\u8fd1\u3044\u3001\u30ab\u30e9\u30d6\u30ea\u30a2\u306e\u65c5\u884c\u306e\u305f\u3081\u306e\u826f\u3044\u30d9\u30fc\u30b9\u30ad\u30e3\u30f3\u30d7\u3067\u3059\u3002<\/span><div class=\"iw-star-rating\"><span class=\"rating\" style=\"width: 100%\"><\/span><\/div><div class=\"testimonials-image\"><img decoding=\"async\" src=\"https:\/\/www.lecarolee.it\/wp-content\/uploads\/logo_booking.png\" alt=\"Magdalena, (PL)\"><\/div><div class=\"testimonials-author\"><span class=\"author\">Magdalena, (PL) - <\/span><span class=\"text\">Review from <\/span><span class=\"review-from\">Booking.com<\/span><\/div><\/div>[\/vc_tta_section][vc_tta_section title=&#8221;Sezione&#8221; tab_id=&#8221;1557507672946-180eee17-0af9&#8243;]<div class=\"info-testimonials style1  text-center\"><span class=\"testimonials\"><b>Lovely, idylic stay, great scenery, beautiful house. We chose half board option; great dinner<\/b><br \/>\nPerfect breakfast, they were nice to try and accommodate to different types of breakfasts, served outside, in a beautiful scenery, cannot beat this...Nice local cheese, great variety of home made jams.<br \/>\nI cannot think of anything I did not like...maybe the road to get to the property is a little tricky...narrow street. But this is not something which could be improved by the property.<\/span><div class=\"iw-star-rating\"><span class=\"rating\" style=\"width: 96%\"><\/span><\/div><div class=\"testimonials-image\"><img decoding=\"async\" src=\"https:\/\/www.lecarolee.it\/wp-content\/uploads\/logo_booking.png\" alt=\"Dana, (NL)\"><\/div><div class=\"testimonials-author\"><span class=\"author\">Dana, (NL) - <\/span><span class=\"text\">Review from <\/span><span class=\"review-from\">Booking.com<\/span><\/div><\/div>[\/vc_tta_section][vc_tta_section title=&#8221;Sezione&#8221; tab_id=&#8221;1557507712392-f59e4b58-b6c7&#8243;]<div class=\"info-testimonials style1  text-center\"><span class=\"testimonials\"><b>Kalabria w pigu\u0142ce. G\u00f3ry, morze na horyzoncie, doliny, plantacje drzew oliwnych<\/b><br \/>\nPi\u0119kne miejsce. Widoki ob\u0142\u0119dne. Cisza i spok\u00f3j. Daleko od zgie\u0142ku w\u0142oskich miast. Cudowne miejsce na relaks nawet poza sezonem. Personel wspania\u0142y. A jedzenie - trzeba tego spr\u00f3bowa\u0107. Wy\u015bmienite!!! Na miejscu mo\u017cna te\u017c kupi\u0107 lokaln\u0105 oliw\u0119.<\/span><div class=\"iw-star-rating\"><span class=\"rating\" style=\"width: 100%\"><\/span><\/div><div class=\"testimonials-image\"><img decoding=\"async\" src=\"https:\/\/www.lecarolee.it\/wp-content\/uploads\/logo_booking.png\" alt=\"Tomasz, (PL)\"><\/div><div class=\"testimonials-author\"><span class=\"author\">Tomasz, (PL) - <\/span><span class=\"text\">Review from <\/span><span class=\"review-from\">Booking.com<\/span><\/div><\/div>[\/vc_tta_section][vc_tta_section title=&#8221;Sezione&#8221; tab_id=&#8221;1557507747860-f0007ae9-2de5&#8243;]<div class=\"info-testimonials style1  text-center\"><span class=\"testimonials\"><b>Lovely place to eat, relax, soak up the sun and the views<\/b><br \/>\nLovely family run agriturismo, really good, friendly service, very relaxed. The food was excellent throughout our stay. We loved the views and it was an easy trip from there to the airport. Excellent place.<\/span><div class=\"iw-star-rating\"><span class=\"rating\" style=\"width: 100%\"><\/span><\/div><div class=\"testimonials-image\"><img decoding=\"async\" src=\"https:\/\/www.lecarolee.it\/wp-content\/uploads\/logo_booking.png\" alt=\"Jason, (UK)\"><\/div><div class=\"testimonials-author\"><span class=\"author\">Jason, (UK) - <\/span><span class=\"text\">Review from <\/span><span class=\"review-from\">Booking.com<\/span><\/div><\/div>[\/vc_tta_section][vc_tta_section title=&#8221;Sezione&#8221; tab_id=&#8221;1557507790002-99ed5e58-cf94&#8243;]<div class=\"info-testimonials style1  text-center\"><span class=\"testimonials\"><b>Perfect spot for a quiet vacation<\/b><br \/>\nPerfect location, wonderful people and quiet area with an incredible view. The dinner was delicious. We would have loved to stay longer. Thank you so much.<\/span><div class=\"iw-star-rating\"><span class=\"rating\" style=\"width: 100%\"><\/span><\/div><div class=\"testimonials-image\"><img decoding=\"async\" src=\"https:\/\/www.lecarolee.it\/wp-content\/uploads\/logo_booking.png\" alt=\"Anonymous, (DE)\"><\/div><div class=\"testimonials-author\"><span class=\"author\">Anonymous, (DE) - <\/span><span class=\"text\">Review from <\/span><span class=\"review-from\">Booking.com<\/span><\/div><\/div>[\/vc_tta_section][\/vc_tta_pageable][\/vc_column][\/vc_row][vc_row equal_height=&#8221;yes&#8221; iw_layout=&#8221;wide-content&#8221;][vc_column width=&#8221;9\/12&#8243; css=&#8221;.vc_custom_1554649447535{margin-top: 0px !important;margin-right: 0px !important;margin-bottom: 0px !important;margin-left: 0px !important;border-bottom-width: 0px !important;padding-top: 0px !important;padding-right: 0px !important;padding-bottom: 0px !important;padding-left: 0px !important;}&#8221;][vc_raw_html css=&#8221;.vc_custom_1708706596306{margin-bottom: 0% !important;border-bottom-width: 0% !important;padding-bottom: 0% !important;}&#8221;]JTNDZGl2JTIwY2xhc3MlM0QlMjJtYXAtcmVzcG9uc2l2ZSUyMiUzRSUzQ2lmcmFtZSUyMHNyYyUzRCUyMmh0dHBzJTNBJTJGJTJGd3d3Lmdvb2dsZS5jb20lMkZtYXBzJTJGZW1iZWQlM0ZwYiUzRCUyMTFtMjclMjExbTEyJTIxMW0zJTIxMWQ5OTI5OC40MjkyNjQyMDgzOSUyMTJkMTYuMjYwNjYxNTk4ODExNDc4JTIxM2QzOC45NDUwOTQwNjE1NjU0MiUyMTJtMyUyMTFmMCUyMTJmMCUyMTNmMCUyMTNtMiUyMTFpMTAyNCUyMTJpNzY4JTIxNGYxMy4xJTIxNG0xMiUyMTNlNiUyMTRtNCUyMTJzMzguOTMyMzM5JTI1MkMlMjUyMDE2LjMzMjQ4NyUyMTNtMiUyMTFkMzguOTMyMzM5JTIxMmQxNi4zMzI0ODclMjE0bTUlMjExczB4MTMzZmZhMTg1NTBhNzRiZCUyNTNBMHg1YTE3ZjY2NGYzOGJjNzIyJTIxMnNMZSUyNTIwQ2Fyb2xlZSUyNTIwLSUyNTIwQWdyaXR1cmlzbW8lMjUyMGUlMjUyMEF6aWVuZGElMjUyMEFncmljb2xhJTI1MkMlMjUyMENvbnRyYWRhJTI1MjBHYWJlbGxhJTI1MkMlMjUyMFBpYW5vcG9saSUyNTJDJTI1MjBDWiUyMTNtMiUyMTFkMzguOTQ2MDA3NiUyMTJkMTYuNDAzODI2MyUyMTVlMCUyMTNtMiUyMTFzaXQlMjEyc2l0JTIxNHYxNzA4NzA2MzkwNzEyJTIxNW0yJTIxMXNpdCUyMTJzaXQlMjIlMjB3aWR0aCUzRCUyMjYwMCUyMiUyMGhlaWdodCUzRCUyMjQ1MCUyMiUyMHN0eWxlJTNEJTIyYm9yZGVyJTNBMCUzQiUyMiUyMGFsbG93ZnVsbHNjcmVlbiUzRCUyMiUyMiUyMGxvYWRpbmclM0QlMjJsYXp5JTIyJTIwcmVmZXJyZXJwb2xpY3klM0QlMjJuby1yZWZlcnJlci13aGVuLWRvd25ncmFkZSUyMiUzRSUzQyUyRmlmcmFtZSUzRSUzQyUyRmRpdiUzRQ==[\/vc_raw_html][\/vc_column][vc_column width=&#8221;3\/12&#8243; css=&#8221;.vc_custom_1556802696984{margin-bottom: 0% !important;border-bottom-width: 0% !important;padding-right: 18% !important;padding-bottom: 0% !important;padding-left: 18% !important;background-color: #ffffff !important;}&#8221;]<div class=\"iw-heading  style1 vc_custom_1738252892831\" style=\"width: 100%\"><div class=\"iwh-sub-title\" style=\"font-size: 16px\">\u60c5\u5831<\/div><\/div>[vc_column_text css=&#8221;&#8221;]<\/p>\n<div class=\"city\"><strong>Le Carolee<\/strong><br \/>\nContrada Gabella, 1<br \/>\nPianopoli, CZ, \u30a4\u30bf\u30ea\u30a2<\/div>\n<div class=\"email\"><span class=\"black-color label\">E\u30e1\u30fc\u30eb: <\/span><a href=\"mailto:info@lecarolee.it\" target=\"_blank\" rel=\"noopener noreferrer\">info@lecarolee.it<\/a><br \/>\n<span class=\"black-color label\">\u96fb\u8a71:\u00a0<\/span><a href=\"tel:\/\/+39096835076\" target=\"_blank\" rel=\"noopener noreferrer\">+39 (0) 968\u00a035 076<\/a><br \/>\n<span class=\"black-color label\">WhatsApp: <\/span><a href=\"https:\/\/wa.me\/393339651732\" target=\"_blank\" rel=\"noopener\">+39 333 9651732<\/a><\/div>\n<h6>\u30e9\u30e1\u30c4\u30a3\u30a2\u30fb\u30c6\u30eb\u30e1\u7a7a\u6e2f\u304b\u3089\uff0f\u307e\u3067\u9001\u8fce\u30b5\u30fc\u30d3\u30b9\u3042\u308a\u3002<br \/>\n\u9001\u8fce\u30b5\u30fc\u30d3\u30b9\u3054\u5e0c\u671b\u306e\u65b9\u306f\u3054\u4e88\u7d04\u306e\u969b\u305d\u306e\u65e8\u304a\u66f8\u304d\u4e0b\u3055\u3044\u3002\u6599\u91d1\u306b\u3064\u3044\u3066\u3054\u9023\u7d61\u3044\u305f\u3057\u307e\u3059\u3002<\/h6>\n<p>[\/vc_column_text][\/vc_column][\/vc_row]<\/p>\n<\/div>","protected":false},"excerpt":{"rendered":"<p>[vc_row 0=&#8221;&#8221; full_width=&#8221;stretch_row_content_no_spaces&#8221; content_placement=&#8221;middl [&hellip;]<\/p>\n","protected":false},"author":1,"featured_media":0,"parent":0,"menu_order":0,"comment_status":"closed","ping_status":"closed","template":"page-templates\/full-with.php","meta":{"_seopress_robots_primary_cat":"","_seopress_titles_title":"\u30a2\u30b0\u30ea\u30c4\u30fc\u30ea\u30ba\u30e0 - #site_title","_seopress_titles_desc":"\u30aa\u30ea\u30fc\u30d6\u306e\u6728\u306b\u56f2\u307e\u308c\u305f\u907a\u7523\u306f\u300119\u4e16\u7d00\u521d\u982d\u306e\u76d7\u8cca\u306e\u6642\u4ee3\u306b\u306f2\u3064\u306e\u53e4\u4ee3\u306e\u8981\u585e\u4f4f\u5b85\u304c\u3042\u308a\u3001\u6700\u8fd1\u4fee\u5fa9\u3055\u308c\u307e\u3057\u305f\u3002","_seopress_robots_index":"","rs_blank_template":"","rs_page_bg_color":"","slide_template_v7":"","footnotes":""},"class_list":["post-2353","page","type-page","status-publish"],"_links":{"self":[{"href":"https:\/\/www.lecarolee.it\/ja\/wp-json\/wp\/v2\/pages\/2353","targetHints":{"allow":["GET"]}}],"collection":[{"href":"https:\/\/www.lecarolee.it\/ja\/wp-json\/wp\/v2\/pages"}],"about":[{"href":"https:\/\/www.lecarolee.it\/ja\/wp-json\/wp\/v2\/types\/page"}],"author":[{"embeddable":true,"href":"https:\/\/www.lecarolee.it\/ja\/wp-json\/wp\/v2\/users\/1"}],"replies":[{"embeddable":true,"href":"https:\/\/www.lecarolee.it\/ja\/wp-json\/wp\/v2\/comments?post=2353"}],"version-history":[{"count":0,"href":"https:\/\/www.lecarolee.it\/ja\/wp-json\/wp\/v2\/pages\/2353\/revisions"}],"wp:attachment":[{"href":"https:\/\/www.lecarolee.it\/ja\/wp-json\/wp\/v2\/media?parent=2353"}],"curies":[{"name":"wp","href":"https:\/\/api.w.org\/{rel}","templated":true}]}}