{"id":2199,"date":"2018-05-25T12:40:23","date_gmt":"2018-05-25T10:40:23","guid":{"rendered":"https:\/\/www.lecarolee.it\/?page_id=2199"},"modified":"2022-09-16T14:56:49","modified_gmt":"2022-09-16T12:56:49","slug":"privacy-policy","status":"publish","type":"page","link":"https:\/\/www.lecarolee.it\/en\/privacy-policy","title":{"rendered":"Politica sulla Privacy e Cookie"},"content":{"rendered":"<p>Teniamo in seria considerazione la privacy dei visitatori del nostro sito web e delle persone, le cui informazioni personali vengono ricevute attraverso l&#8217;uso di invii di moduli e altri servizi correlati. Questa informativa sulla privacy spiega come raccogliamo le informazioni personali sul nostro sito web e come le utilizziamo. Questa informativa descrive anche la raccolta e l&#8217;uso delle informazioni personali, raccolte sul sito, da parte dei nostri fornitori di servizi che ci consentono di offrire un servizio pi\u00f9 sicuro e pi\u00f9 personalizzato.<\/p>\n<p><strong>Siti web interessati<br \/>\n<\/strong>Questa politica sulla privacy copre le pratiche di raccolta e gestione delle informazioni del sito internet www.lecarolee.it, di propriet\u00e0 di Gaetano Societ\u00e0 Semplice Agricola con sede in Contrada Gabella 1, 88040 Pianopoli CZ, legalmente rappresentata da Federico Gaetano.<\/p>\n<p><strong>Modalit\u00e0 di trattamento<br \/>\n<\/strong>Il Titolare tratta i Dati Personali degli Utenti adottando le opportune misure di sicurezza volte ad impedire l\u2019accesso, la divulgazione, la modifica o la distruzione non autorizzate dei Dati Personali.<br \/>\nIl trattamento viene effettuato mediante strumenti informatici e\/o telematici, con modalit\u00e0 organizzative e con logiche strettamente correlate alle finalit\u00e0 indicate. Oltre al Titolare, in alcuni casi, potrebbero avere accesso ai Dati, categorie di incaricati coinvolti nell\u2019organizzazione del sito (personale amministrativo, personale legale, amministratori di sistema) ovvero soggetti esterni (come fornitori di servizi tecnici terzi, hosting provider, societ\u00e0 informatiche, agenzie di comunicazione) nominati anche, se necessario, Responsabili del Trattamento da parte del Titolare.<\/p>\n<p><strong>Finalit\u00e0 del trattamento<br \/>\n<\/strong>I Dati dell\u2019Utente sono raccolti per consentire al Titolare di fornire i propri servizi, cos\u00ec come per le seguenti finalit\u00e0: Statistica, Campagne di comunicazione, Hosting ed infrastruttura backend, Interazione con social network e piattaforme esterne e Visualizzazione di contenuti da piattaforme esterne.<br \/>\nLe tipologie di Dati Personali utilizzati per ciascuna finalit\u00e0 sono indicate nelle sezioni specifiche di questo documento.<br \/>\nIn particolare, i Dati di Navigazione sono trattati esclusivamente:<\/p>\n<ul>\n<li>per la gestione operativa della navigazione;<\/li>\n<li>per l\u2019elaborazione di dati statistici sugli accessi e la consultazione;<\/li>\n<li>per la gestione della sicurezza dei Dati.<\/li>\n<\/ul>\n<p>Quanto ai Dati Personali conferiti volontariamente dall\u2019Utente, essi sono trattati per le seguenti finalit\u00e0, oltre a quelle indicate in seguito:<\/p>\n<ul>\n<li>per l\u2019elaborazione di statistiche d\u2019uso anonime ed aggregate;<\/li>\n<li>tutela o difesa di diritti in sede giudiziaria;<\/li>\n<li>adempimento di obblighi previsti da leggi o regolamenti vigenti, anche in materia contabile e fiscale;<\/li>\n<li>soddisfacimento degli scopi specifici per i quali tali Dati sono stati forniti dall\u2019Utente (<em>e.g.<\/em>\u00a0fornitura di un servizio, risposta a specifici quesiti inoltrati tramite form di contatto, richieste assistenza\u00a0<em>etc<\/em>.);<\/li>\n<li>gestione della registrazione dell\u2019Utente e\/o accesso alle eventuali aree riservate disponibili sul sito;<\/li>\n<li>invio newsletter all\u2019Utente, previo consenso di quest\u2019ultimo;<\/li>\n<li>partecipazione dell\u2019Utente a iniziative, nel rispetto delle norme che disciplinano tali attivit\u00e0 o di eventuali regolamenti pubblicati sul sito.<\/li>\n<\/ul>\n<p>Allo scopo di perseguire le finalit\u00e0 di trattamento sopra descritte, Le Carolee si avvale dei seguenti servizi, elencati per finalit\u00e0 di trattamento.<\/p>\n<ul>\n<li><strong>Hosting ed infrastruttura backend<br \/>\n<\/strong>Questo tipo di servizi ha la funzione di ospitare dati e file che permettono al sito Le Carolee di funzionare, ne consentono la distribuzione e mettono a disposizione un\u2019infrastruttura pronta all\u2019uso per erogare specifiche funzionalit\u00e0. I dati sono memorizzati nel database del sito &#8211; ospitato su Netsons, in Italia &#8211; e nei backup periodici.<br \/>\nI dati non vengono divulgati o ceduti all&#8217;esterno del nostro sito.<\/li>\n<li><strong>Interazione con social network e piattaforme esterne<br \/>\n<\/strong>Questo tipo di servizi permette di effettuare interazioni con i social network, o con altre piattaforme esterne, direttamente dalle pagine del sito del Le Carolee.<\/li>\n<\/ul>\n<p><strong>Statistiche<br \/>\n<\/strong>Il sito internet Le Carolee utilizza questo servizio al fine di effettuare analisi aggregate sui propri Utenti in forma anonima e, cos\u00ec, migliorare le prestazioni dei siti stessi. Tutti i servizi di statistica sono utilizzati tramite una integrazione che rende anonimo l\u2019indirizzo IP dell\u2019Utente.<br \/>\nIl servizio statistico utilizzato del sito Le Carolee \u00e8:<\/p>\n<p style=\"padding-left: 30px;\"><strong>Google Analytics con IP anonimizzato (Google Inc.)<br \/>\n<\/strong>Dati Personali raccolti: Cookie e Dati di Utilizzo.<br \/>\nLuogo del trattamento: Europa\/USA \u2013\u00a0<a href=\"https:\/\/www.google.com\/intl\/it\/policies\/privacy\/\" target=\"_blank\" rel=\"noopener\">Privacy Policy<\/a>\u00a0\u2013\u00a0<a href=\"https:\/\/tools.google.com\/dlpage\/gaoptout?hl=it\" target=\"_blank\" rel=\"noopener\">Opt Ou<\/a><\/p>\n<p><strong>Visualizzazione di contenuti da piattaforme esterne<br \/>\n<\/strong>Questo tipo di servizio permette di visualizzare contenuti ospitati su piattaforme esterne direttamente dalle pagine di Le Carolee e di interagire con essi.<br \/>\nNel caso in cui sia installato un servizio di questo tipo, \u00e8 possibile che, anche nel caso gli Utenti non utilizzino il servizio, lo stesso raccolga dati di traffico relativi alle pagine in cui \u00e8 installato.<\/p>\n<p style=\"padding-left: 30px;\"><strong>Widget Google Maps (Google Inc.)<br \/>\n<\/strong>Google Maps \u00e8 un servizio di visualizzazione di mappe gestito da Google Inc. che permette ad Le Carolee di integrare tali contenuti all\u2019interno delle proprie pagine.<br \/>\nDati Personali raccolti: Cookie e Dati di Utilizzo.<br \/>\nLuogo del trattamento: Europa\/USA \u2013\u00a0<a href=\"https:\/\/www.google.it\/intl\/it\/policies\/privacy\/\" target=\"_blank\" rel=\"noopener\">Privacy Policy<\/a><\/p>\n<p><strong>Negozio online<\/strong><strong><br \/>\n<\/strong>La sezione del sito Le Carolee denominata Negozio da accesso al negozio online. La navigazione del negozio \u00e8 soggetta alla sola gestione di informazione riportata nei cookie di navigazione ed eventualmente quelli di dati statistici anonimi.<br \/>\nQuando si effettua un acquisto di prodotti, le informazioni raccolte vengono raccolte le seguenti informazioni:<\/p>\n<ul>\n<li>Nome e Cognome<\/li>\n<li>Indirizzo<\/li>\n<li>Indirizzo email<\/li>\n<li>Numero di telefono<\/li>\n<li>Codice Fiscale o Partita Iva<\/li>\n<li>Informazioni sulla carta di credito \/ debito<\/li>\n<\/ul>\n<p>Queste informazioni vengono utilizzate per gestire e completare l&#8217;ordine, per la spedizione, per la fatturazione e per fornire supporto all&#8217;utente. Non condividiamo queste informazioni con parti esterne se non nella misura necessaria per completare l&#8217;ordine.<br \/>\nIl gateway che processa le transazioni effettuate economiche tramite carte di credito e di carte di debito, collegato al nostro sito, \u00e8 Stripe.<\/p>\n<p style=\"padding-left: 30px;\"><strong>Widget Stripe (Stripe Inc.)<\/strong><br \/>\nStripe \u00e8 un servizio di gestione delle transazioni online basato su carta di credito e di debito che permette a Le Carolee di integrare tali contenuti all\u2019interno delle proprie pagine.<br \/>\nDati Personali raccolti: Cookie e Dati di Utilizzo.<br \/>\nLuogo del trattamento: USA \u2013\u00a0<a href=\"https:\/\/stripe.com\/it\/privacy\" target=\"_blank\" rel=\"noopener\">Privacy Policy<\/a>.<\/p>\n<p><strong>Modulo contatti<br \/>\n<\/strong>I dati inseriti nella pagina Contatti vengono usati per gestire e rispondere alle richieste di informazioni, e cos\u00ec anche se scrivi via posta elettronica o lasci un commento a un post. I dati restano memorizzati nel database del sito e nei backup periodici. I dati non vengono divulgati o ceduti all&#8217;esterno del nostro sito.<\/p>\n<p>&nbsp;<\/p>\n<h2><strong>Ulteriori informazioni sui Dati Personali<\/strong><\/h2>\n<p>&nbsp;<\/p>\n<p><strong>Diritti dell\u2019interessato<\/strong><\/p>\n<p>L\u2019Utente, in qualit\u00e0 di interessato, potr\u00e0 rivolgersi al Titolare, in qualsiasi momento, senza alcuna formalit\u00e0, per far valere i suoi diritti, cos\u00ec come previsti dall\u2019articolo 7 del Codice Privacy, che per comodit\u00e0 di lettura dell\u2019Utente si riporta di seguito nella sua interezza:<\/p>\n<ol>\n<li><em> L\u2019interessato ha diritto di ottenere la conferma dell\u2019esistenza o meno di dati personali che lo riguardano, anche se non ancora registrati, e la loro comunicazione in forma intelligibile.<\/em><\/li>\n<li><em> L\u2019interessato ha diritto di ottenere l\u2019indicazione:<\/em><\/li>\n<\/ol>\n<ul>\n<li><em>dell\u2019origine dei dati personali;<\/em><\/li>\n<li><em>delle finalit\u00e0 e modalit\u00e0 del trattamento;<\/em><\/li>\n<li><em>della logica applicata in caso di trattamento effettuato con l\u2019ausilio di strumenti elettronici;<\/em><\/li>\n<li><em>degli estremi identificativi del titolare, dei responsabili e del rappresentante designato ai sensi dell\u2019articolo 5, comma 2 (del Codice Privacy);<\/em><\/li>\n<li><em>dei soggetti o delle categorie di soggetti ai quali i dati personali possono essere comunicati o che possono venirne a conoscenza in qualit\u00e0 di rappresentante designato nel territorio dello Stato, di responsabili o incaricati.<\/em><\/li>\n<\/ul>\n<ol start=\"3\">\n<li><em> L\u2019interessato ha diritto di ottenere:<\/em><\/li>\n<\/ol>\n<ul>\n<li><em>l\u2019aggiornamento, la rettificazione ovvero, quando vi ha interesse, l\u2019integrazione dei dati;<\/em><\/li>\n<li><em>la cancellazione, la trasformazione in forma anonima o il blocco dei dati trattati in violazione di legge, compresi quelli di cui non \u00e8 necessaria la conservazione in relazione agli scopi per i quali i dati sono stati raccolti o successivamente trattati;<\/em><\/li>\n<li><em>l\u2019attestazione che le operazioni di cui alle lettere a e b sono state portate a conoscenza, anche per quanto riguarda il loro contenuto, di coloro ai quali i dati sono stati comunicati o diffusi, eccettuato il caso in cui tale adempimento si rivela impossibile o comporta un impiego di mezzi manifestamente sproporzionato rispetto al diritto tutelato.<\/em><\/li>\n<\/ul>\n<ol start=\"4\">\n<li><em> L\u2019interessato ha diritto di opporsi, in tutto o in parte:<\/em><\/li>\n<\/ol>\n<ul>\n<li><em>per motivi legittimi al trattamento dei dati personali che lo riguardano, ancorch\u00e9 pertinenti allo scopo della raccolta;<\/em><\/li>\n<li><em>al trattamento di dati personali che lo riguardano a fini di invio di materiale pubblicitario o di vendita diretta o per il compimento di ricerche di mercato o di comunicazione commerciale.\u201d<\/em><\/li>\n<\/ul>\n<p>&nbsp;<\/p>\n<h2><strong>Informazioni sui Cookie<\/strong><\/h2>\n<p>&nbsp;<\/p>\n<p><strong>Cookies<br \/>\n<\/strong>Per far funzionare bene questo sito, a volte installiamo sul tuo dispositivo dei piccoli file di dati che si chiamano \u201ccookies\u201d. Anche la maggior parte dei grandi siti fanno lo stesso.<\/p>\n<p><strong>Cosa sono i cookies?<br \/>\n<\/strong>Un cookie \u00e8 un piccolo file di testo che i siti salvano sul tuo computer o dispositivo mobile mentre li visiti. Grazie ai cookies il sito ricorda le tue azioni e preferenze (per es. login, lingua, dimensioni dei caratteri e altre impostazioni di visualizzazione) in modo che tu non debba reinserirle quando torni sul sito o navighi da una pagina all\u2019altra.<\/p>\n<p><strong>Come utilizziamo i cookies?<br \/>\n<\/strong>In alcune pagine utilizziamo i cookies per ricordare:<\/p>\n<ul>\n<li>le preferenze di visualizzazione, per es. le impostazioni del contrasto o le dimensioni dei caratteri<\/li>\n<li>se hai gi\u00e0 risposto a un sondaggio pop-up sull&#8217;utilit\u00e0 dei contenuti trovati, per evitare di riproportelo<\/li>\n<li>se hai autorizzato l\u2019uso dei cookies sul sito.<\/li>\n<\/ul>\n<p>Inoltre, alcuni video inseriti nelle nostre pagine utilizzano un cookie per elaborare statistiche, in modo anonimo, su come sei arrivato sulla pagina e quali video hai visto.<br \/>\nNon \u00e8 necessario abilitare i cookies perch\u00e9 il sito funzioni, ma farlo migliora la navigazione. \u00c8 possibile cancellare o bloccare i cookies, per\u00f2 in questo caso alcune funzioni del sito potrebbero non funzionare correttamente.<br \/>\nLe informazioni riguardanti i cookies non sono utilizzate per identificare gli utenti e i dati di navigazione restano sempre sotto il nostro controllo. Questi cookies servono esclusivamente per i fini qui descritti.<\/p>\n<p><strong>Come controllare i cookies?<br \/>\n<\/strong>Puoi controllare e\/o verificare i cookies come vuoi \u2013 per saperne di pi\u00f9, vai su\u00a0<a href=\"http:\/\/www.aboutcookies.org\/\" target=\"_blank\" rel=\"noopener\">aboutcookies.org<\/a>. Puoi cancellare i cookies gi\u00e0 presenti nel computer e impostare quasi tutti i browser in modo da bloccarne l\u2019installazione. Se scegli questa opzione, dovrai per\u00f2 modificare manualmente alcune preferenze ogni volta che visiti il sito ed \u00e8 possibile che alcuni servizi o determinate funzioni non siano disponibili.<\/p>\n<p><strong>Cookie usati per il tracciamento online:<\/strong><\/p>\n<ul>\n<li>Google Analytics \u2013 Policy terza<\/li>\n<\/ul>\n","protected":false},"excerpt":{"rendered":"<p>Teniamo in seria considerazione la privacy dei visitatori del nostro sito web e delle persone, le cui informazioni personali vengono ricevute attraverso l&#8217;uso di invii di moduli e altri servizi correlati. Questa informativa sulla privacy spiega come raccogliamo le informazioni personali sul nostro sito web e come le utilizziamo. Questa informativa descrive anche la raccolta [&hellip;]<\/p>\n","protected":false},"author":1,"featured_media":0,"parent":0,"menu_order":0,"comment_status":"closed","ping_status":"closed","template":"","meta":{"_seopress_robots_primary_cat":"","_seopress_titles_title":"","_seopress_titles_desc":"","_seopress_robots_index":"yes","rs_blank_template":"","rs_page_bg_color":"","slide_template_v7":"","footnotes":""},"class_list":["post-2199","page","type-page","status-publish"],"_links":{"self":[{"href":"https:\/\/www.lecarolee.it\/en\/wp-json\/wp\/v2\/pages\/2199","targetHints":{"allow":["GET"]}}],"collection":[{"href":"https:\/\/www.lecarolee.it\/en\/wp-json\/wp\/v2\/pages"}],"about":[{"href":"https:\/\/www.lecarolee.it\/en\/wp-json\/wp\/v2\/types\/page"}],"author":[{"embeddable":true,"href":"https:\/\/www.lecarolee.it\/en\/wp-json\/wp\/v2\/users\/1"}],"replies":[{"embeddable":true,"href":"https:\/\/www.lecarolee.it\/en\/wp-json\/wp\/v2\/comments?post=2199"}],"version-history":[{"count":0,"href":"https:\/\/www.lecarolee.it\/en\/wp-json\/wp\/v2\/pages\/2199\/revisions"}],"wp:attachment":[{"href":"https:\/\/www.lecarolee.it\/en\/wp-json\/wp\/v2\/media?parent=2199"}],"curies":[{"name":"wp","href":"https:\/\/api.w.org\/{rel}","templated":true}]}}